{"id":2868,"date":"2025-07-16T10:19:36","date_gmt":"2025-07-16T10:19:36","guid":{"rendered":"https:\/\/turyid.org\/global-gastroekonomi-zirvesi-ggez\/"},"modified":"2025-07-24T14:04:16","modified_gmt":"2025-07-24T14:04:16","slug":"gges","status":"publish","type":"page","link":"https:\/\/turyid.org\/en\/gges\/","title":{"rendered":"GLOBAL GASTROEKONOM\u0130 Z\u0130RVES\u0130 (GGEZ)"},"content":{"rendered":"\t\t<div data-elementor-type=\"wp-page\" data-elementor-id=\"2868\" class=\"elementor elementor-2868 elementor-435\" data-elementor-settings=\"[]\">\n\t\t\t\t\t\t\t<div class=\"elementor-section-wrap\">\n\t\t\t\t\t\t\t<section class=\"elementor-section elementor-top-section elementor-element elementor-element-addc5db elementor-section-boxed elementor-section-height-default elementor-section-height-default\" data-id=\"addc5db\" data-element_type=\"section\">\n\t\t\t\t\t\t<div class=\"elementor-container elementor-column-gap-default\">\n\t\t\t\t\t<div class=\"elementor-column elementor-col-100 elementor-top-column elementor-element elementor-element-fe272f8\" data-id=\"fe272f8\" data-element_type=\"column\">\n\t\t\t<div class=\"elementor-widget-wrap elementor-element-populated\">\n\t\t\t\t\t\t\t\t<div class=\"elementor-element elementor-element-605253a elementor-widget elementor-widget-heading\" data-id=\"605253a\" data-element_type=\"widget\" data-widget_type=\"heading.default\">\n\t\t\t\t<div class=\"elementor-widget-container\">\n\t\t\t<h1 class=\"elementor-heading-title elementor-size-xl\"><strong>5th Global Gastro-Economy Summit\n<\/strong>\n<br>\n<strong>October 8, 2025\n<\/strong><br><strong> Istanbul Atat\u00fcrk Cultural Center\n<\/strong>\n<\/h1>\t\t<\/div>\n\t\t\t\t<\/div>\n\t\t\t\t\t<\/div>\n\t\t<\/div>\n\t\t\t\t\t\t\t<\/div>\n\t\t<\/section>\n\t\t\t\t<section class=\"elementor-section elementor-top-section elementor-element elementor-element-884ac5a elementor-section-boxed elementor-section-height-default elementor-section-height-default\" data-id=\"884ac5a\" data-element_type=\"section\">\n\t\t\t\t\t\t<div class=\"elementor-container elementor-column-gap-default\">\n\t\t\t\t\t<div class=\"elementor-column elementor-col-50 elementor-top-column elementor-element elementor-element-75a3b1f\" data-id=\"75a3b1f\" data-element_type=\"column\">\n\t\t\t<div class=\"elementor-widget-wrap elementor-element-populated\">\n\t\t\t\t\t\t\t\t<div class=\"elementor-element elementor-element-b7f23a9 elementor-widget__width-initial elementor-absolute elementor-widget elementor-widget-image\" data-id=\"b7f23a9\" data-element_type=\"widget\" data-settings=\"{&quot;_position&quot;:&quot;absolute&quot;}\" data-widget_type=\"image.default\">\n\t\t\t\t<div class=\"elementor-widget-container\">\n\t\t\t\t\t\t\t\t\t\t\t\t\t\t\t<img loading=\"lazy\" decoding=\"async\" width=\"1024\" height=\"576\" src=\"https:\/\/turyid.org\/wp-content\/uploads\/2025\/07\/GGEZ-1024x576.png\" class=\"attachment-large size-large\" alt=\"\" srcset=\"https:\/\/turyid.org\/wp-content\/uploads\/2025\/07\/GGEZ-1024x576.png 1024w, https:\/\/turyid.org\/wp-content\/uploads\/2025\/07\/GGEZ-300x169.png 300w, https:\/\/turyid.org\/wp-content\/uploads\/2025\/07\/GGEZ-768x432.png 768w, https:\/\/turyid.org\/wp-content\/uploads\/2025\/07\/GGEZ-1536x864.png 1536w, https:\/\/turyid.org\/wp-content\/uploads\/2025\/07\/GGEZ-260x146.png 260w, https:\/\/turyid.org\/wp-content\/uploads\/2025\/07\/GGEZ-50x28.png 50w, https:\/\/turyid.org\/wp-content\/uploads\/2025\/07\/GGEZ-133x75.png 133w, https:\/\/turyid.org\/wp-content\/uploads\/2025\/07\/GGEZ.png 1920w\" sizes=\"auto, (max-width: 1024px) 100vw, 1024px\" \/>\t\t\t\t\t\t\t\t\t\t\t\t\t\t\t<\/div>\n\t\t\t\t<\/div>\n\t\t\t\t\t<\/div>\n\t\t<\/div>\n\t\t\t\t<div class=\"elementor-column elementor-col-50 elementor-top-column elementor-element elementor-element-d680b82\" data-id=\"d680b82\" data-element_type=\"column\">\n\t\t\t<div class=\"elementor-widget-wrap elementor-element-populated\">\n\t\t\t\t\t\t\t\t<div class=\"elementor-element elementor-element-e704cb0 elementor-widget__width-initial elementor-widget elementor-widget-text-editor\" data-id=\"e704cb0\" data-element_type=\"widget\" data-widget_type=\"text-editor.default\">\n\t\t\t\t<div class=\"elementor-widget-container\">\n\t\t\t\t\t\t\t\t<h4><strong>&#8220;Crossroads&#8221;<\/strong><\/h4><p><strong>&#8220;Crossroads&#8221;<\/strong> is where paths intersect, thoughts collide, and disciplines interpenetrate. This concept signifies a place where not only geographical or cultural boundaries but also senses, memory, nature, and the economy intertwine, creating new meanings.<br \/>Gastronomy is no longer simply a food and drink practice; it is a multilayered memory, an interpretation of our relationship with nature, and a mirror of our economic behavior. In this sense, the &#8220;crossroads&#8221; is being elevated to the summit as a mental convergence rather than a temporal and spatial overlap.<\/p>\t\t\t\t\t\t<\/div>\n\t\t\t\t<\/div>\n\t\t\t\t\t<\/div>\n\t\t<\/div>\n\t\t\t\t\t\t\t<\/div>\n\t\t<\/section>\n\t\t\t\t<section class=\"elementor-section elementor-top-section elementor-element elementor-element-310abc7 elementor-section-boxed elementor-section-height-default elementor-section-height-default\" data-id=\"310abc7\" data-element_type=\"section\">\n\t\t\t\t\t\t<div class=\"elementor-container elementor-column-gap-default\">\n\t\t\t\t\t<div class=\"elementor-column elementor-col-50 elementor-top-column elementor-element elementor-element-1aa971c\" data-id=\"1aa971c\" data-element_type=\"column\">\n\t\t\t<div class=\"elementor-widget-wrap elementor-element-populated\">\n\t\t\t\t\t\t\t\t<div class=\"elementor-element elementor-element-939c577 elementor-widget elementor-widget-text-editor\" data-id=\"939c577\" data-element_type=\"widget\" data-widget_type=\"text-editor.default\">\n\t\t\t\t<div class=\"elementor-widget-container\">\n\t\t\t\t\t\t\t\t<p>\u00a0<\/p><p>The Tourism Restaurant Investors and Gastronomy Operators Association (TURYID) has been highlighting gastronomy in all its components since its founding.<br \/>With its high potential for development, its rapid growth surpassing traditional sectors, and positioned as the newest lever of development, gastronomy; It is the most powerful resource that enables the diversification of domestic and international tourism with high added value, the transformation of national cuisine and food products into export products that contribute highly to the economy, the branding of cities and the increase of unexplored diplomatic opportunities.<\/p>\t\t\t\t\t\t<\/div>\n\t\t\t\t<\/div>\n\t\t\t\t\t<\/div>\n\t\t<\/div>\n\t\t\t\t<div class=\"elementor-column elementor-col-50 elementor-top-column elementor-element elementor-element-6283afd\" data-id=\"6283afd\" data-element_type=\"column\">\n\t\t\t<div class=\"elementor-widget-wrap elementor-element-populated\">\n\t\t\t\t\t\t\t\t<div class=\"elementor-element elementor-element-7de2fb1 elementor-widget elementor-widget-image\" data-id=\"7de2fb1\" data-element_type=\"widget\" data-widget_type=\"image.default\">\n\t\t\t\t<div class=\"elementor-widget-container\">\n\t\t\t\t\t\t\t\t\t\t\t\t\t\t\t<img loading=\"lazy\" decoding=\"async\" width=\"1024\" height=\"576\" src=\"https:\/\/turyid.org\/wp-content\/uploads\/2025\/07\/GGEZ-AKM-1024x576.jpg\" class=\"attachment-large size-large\" alt=\"\" srcset=\"https:\/\/turyid.org\/wp-content\/uploads\/2025\/07\/GGEZ-AKM-1024x576.jpg 1024w, https:\/\/turyid.org\/wp-content\/uploads\/2025\/07\/GGEZ-AKM-300x169.jpg 300w, https:\/\/turyid.org\/wp-content\/uploads\/2025\/07\/GGEZ-AKM-768x432.jpg 768w, https:\/\/turyid.org\/wp-content\/uploads\/2025\/07\/GGEZ-AKM-1536x864.jpg 1536w, https:\/\/turyid.org\/wp-content\/uploads\/2025\/07\/GGEZ-AKM-260x146.jpg 260w, https:\/\/turyid.org\/wp-content\/uploads\/2025\/07\/GGEZ-AKM-50x28.jpg 50w, https:\/\/turyid.org\/wp-content\/uploads\/2025\/07\/GGEZ-AKM-133x75.jpg 133w, https:\/\/turyid.org\/wp-content\/uploads\/2025\/07\/GGEZ-AKM.jpg 1600w\" sizes=\"auto, (max-width: 1024px) 100vw, 1024px\" \/>\t\t\t\t\t\t\t\t\t\t\t\t\t\t\t<\/div>\n\t\t\t\t<\/div>\n\t\t\t\t\t<\/div>\n\t\t<\/div>\n\t\t\t\t\t\t\t<\/div>\n\t\t<\/section>\n\t\t\t\t<section class=\"elementor-section elementor-top-section elementor-element elementor-element-bebf0f4 elementor-section-boxed elementor-section-height-default elementor-section-height-default\" data-id=\"bebf0f4\" data-element_type=\"section\">\n\t\t\t\t\t\t<div class=\"elementor-container elementor-column-gap-default\">\n\t\t\t\t\t<div class=\"elementor-column elementor-col-100 elementor-top-column elementor-element elementor-element-57b8e9a\" data-id=\"57b8e9a\" data-element_type=\"column\">\n\t\t\t<div class=\"elementor-widget-wrap elementor-element-populated\">\n\t\t\t\t\t\t\t\t<div class=\"elementor-element elementor-element-f7981e1 elementor-widget-divider--view-line elementor-widget elementor-widget-divider\" data-id=\"f7981e1\" data-element_type=\"widget\" data-widget_type=\"divider.default\">\n\t\t\t\t<div class=\"elementor-widget-container\">\n\t\t\t\t\t<div class=\"elementor-divider\">\n\t\t\t<span class=\"elementor-divider-separator\">\n\t\t\t\t\t\t<\/span>\n\t\t<\/div>\n\t\t\t\t<\/div>\n\t\t\t\t<\/div>\n\t\t\t\t<div class=\"elementor-element elementor-element-f445b63 elementor-aspect-ratio-169 elementor-widget elementor-widget-video\" data-id=\"f445b63\" data-element_type=\"widget\" data-settings=\"{&quot;youtube_url&quot;:&quot;https:\\\/\\\/www.youtube.com\\\/watch?v=0EfTQrpVG0c&amp;t=386s&quot;,&quot;video_type&quot;:&quot;youtube&quot;,&quot;controls&quot;:&quot;yes&quot;,&quot;aspect_ratio&quot;:&quot;169&quot;}\" data-widget_type=\"video.default\">\n\t\t\t\t<div class=\"elementor-widget-container\">\n\t\t\t\t\t<div class=\"elementor-wrapper elementor-fit-aspect-ratio elementor-open-inline\">\n\t\t\t<div class=\"elementor-video\"><\/div>\t\t<\/div>\n\t\t\t\t<\/div>\n\t\t\t\t<\/div>\n\t\t\t\t\t<\/div>\n\t\t<\/div>\n\t\t\t\t\t\t\t<\/div>\n\t\t<\/section>\n\t\t\t\t\t\t<\/div>\n\t\t\t\t\t<\/div>\n\t\t","protected":false},"excerpt":{"rendered":"<p>5th Global Gastro-Economy Summit October 8, 2025 Istanbul Atat\u00fcrk Cultural Center &#8220;Crossroads&#8221; &#8220;Crossroads&#8221; is where paths intersect, thoughts collide, and disciplines interpenetrate. This concept signifies a<span class=\"excerpt-hellip\"> [\u2026]<\/span><\/p>\n","protected":false},"author":1,"featured_media":0,"parent":0,"menu_order":0,"comment_status":"closed","ping_status":"closed","template":"","meta":{"om_disable_all_campaigns":false,"footnotes":""},"class_list":["post-2868","page","type-page","status-publish","hentry"],"_links":{"self":[{"href":"https:\/\/turyid.org\/en\/wp-json\/wp\/v2\/pages\/2868","targetHints":{"allow":["GET"]}}],"collection":[{"href":"https:\/\/turyid.org\/en\/wp-json\/wp\/v2\/pages"}],"about":[{"href":"https:\/\/turyid.org\/en\/wp-json\/wp\/v2\/types\/page"}],"author":[{"embeddable":true,"href":"https:\/\/turyid.org\/en\/wp-json\/wp\/v2\/users\/1"}],"replies":[{"embeddable":true,"href":"https:\/\/turyid.org\/en\/wp-json\/wp\/v2\/comments?post=2868"}],"version-history":[{"count":14,"href":"https:\/\/turyid.org\/en\/wp-json\/wp\/v2\/pages\/2868\/revisions"}],"predecessor-version":[{"id":2935,"href":"https:\/\/turyid.org\/en\/wp-json\/wp\/v2\/pages\/2868\/revisions\/2935"}],"wp:attachment":[{"href":"https:\/\/turyid.org\/en\/wp-json\/wp\/v2\/media?parent=2868"}],"curies":[{"name":"wp","href":"https:\/\/api.w.org\/{rel}","templated":true}]}}